{"id":3484,"date":"2025-08-11T09:40:17","date_gmt":"2025-08-11T09:40:17","guid":{"rendered":"https:\/\/beak.de\/karriere\/"},"modified":"2026-03-10T10:10:20","modified_gmt":"2026-03-10T10:10:20","slug":"karriere","status":"publish","type":"page","link":"https:\/\/beak.de\/de\/karriere\/","title":{"rendered":"Karriere"},"content":{"rendered":"<section class=\"l-section wpb_row us_custom_d9dd9145 height_small with_img\"><div class=\"l-section-img\" role=\"img\" aria-label=\"Bild\" data-img-width=\"2000\" data-img-height=\"500\" style=\"background-image: url(https:\/\/beak.de\/wp-content\/uploads\/2025\/08\/career_-1.png);background-position: top left;background-repeat: no-repeat;background-size: contain;\"><\/div><div class=\"l-section-overlay\" style=\"background:linear-gradient(180deg, #002033 0%,rgba(0,0,0,0) 100%)\"><\/div><div class=\"l-section-h i-cf\"><div class=\"g-cols vc_row via_grid cols_1 laptops-cols_inherit tablets-cols_inherit mobiles-cols_1 valign_top type_default stacking_default\"><div class=\"wpb_column vc_column_container\"><div class=\"vc_column-inner\"><div class=\"g-cols wpb_row via_grid cols_1 laptops-cols_inherit tablets-cols_inherit mobiles-cols_1 valign_top type_default stacking_default\" style=\"--columns-gap:3rem;\"><div class=\"wpb_column vc_column_container\"><div class=\"vc_column-inner\"><div class=\"wpb_text_column us_custom_5d63c582\"><div class=\"wpb_wrapper\"><h1 style=\"text-align: center;\"><span style=\"color: #ffffff;\">Karriere<\/span><\/h1>\n<\/div><\/div><\/div><\/div><\/div><\/div><\/div><\/div><\/div><\/section><section class=\"l-section wpb_row us_custom_d9dd9145 height_small\"><div class=\"l-section-h i-cf\"><div class=\"g-cols vc_row via_grid cols_1-4-1 laptops-cols_inherit tablets-cols_inherit mobiles-cols_1 valign_top type_default stacking_default\"><div class=\"wpb_column vc_column_container\"><div class=\"vc_column-inner\"><\/div><\/div><div class=\"wpb_column vc_column_container\"><div class=\"vc_column-inner\"><div class=\"wpb_text_column\"><div class=\"wpb_wrapper\"><h5 style=\"text-align: left;\">Aktuelle Stellenausschreibungen<\/h5>\n<\/div><\/div><\/div><\/div><div class=\"wpb_column vc_column_container\"><div class=\"vc_column-inner\"><\/div><\/div><\/div><\/div><\/section><section class=\"l-section wpb_row us_custom_d9dd9145 height_small\"><div class=\"l-section-h i-cf\"><div class=\"g-cols vc_row via_grid cols_custom laptops-cols_inherit tablets-cols_inherit mobiles-cols_1 valign_top type_default stacking_default\" style=\"--custom-columns:1fr 2fr 2fr 1fr \"><div class=\"wpb_column vc_column_container\"><div class=\"vc_column-inner\"><\/div><\/div><div class=\"wpb_column vc_column_container us_custom_3b7e0e57 has_bg_color\"><div class=\"vc_column-inner\"><div class=\"g-cols wpb_row via_grid cols_1 laptops-cols_inherit tablets-cols_inherit mobiles-cols_1 valign_top type_default stacking_default\" style=\"--columns-gap:3rem;\"><div class=\"wpb_column vc_column_container\"><div class=\"vc_column-inner\"><div class=\"wpb_text_column us_custom_d673ebcf\"><div class=\"wpb_wrapper\"><h3><strong>GIS Software Entwickler<\/strong><\/h3>\n<p>Wir stellen einen neuen &#8220; GIS Software Developer (m\/w\/d)&#8220; f\u00fcr unser B\u00fcro in Freiberg ein. Haben Sie Interesse, f\u00fcr Beak in Deutschland zu arbeiten und GIS-Anwendungen zu entwickeln?<\/p>\n<\/div><\/div><div class=\"w-separator size_small\"><\/div><div class=\"w-btn-wrapper align_left\"><a class=\"w-btn us-btn-style_1 us_custom_3090c82c\" href=\"https:\/\/beak.de\/de\/gis-softwareentwickler-in-m-w-d\/\"><span class=\"w-btn-label\">mehr lesen<\/span><\/a><\/div><\/div><\/div><\/div><\/div><\/div><div class=\"wpb_column vc_column_container us_custom_3b7e0e57 has_bg_color\"><div class=\"vc_column-inner\"><div class=\"g-cols wpb_row via_grid cols_1 laptops-cols_inherit tablets-cols_inherit mobiles-cols_1 valign_top type_default stacking_default\" style=\"--columns-gap:3rem;\"><div class=\"wpb_column vc_column_container\"><div class=\"vc_column-inner\"><div class=\"wpb_text_column us_custom_d673ebcf\"><div class=\"wpb_wrapper\"><h3 style=\"font-weight: 400;\"><strong>Mitarbeiter\/-in Umweltplanung\/Naturschutz (m\/w\/d)<\/strong><\/h3>\n<p>Wir stellen einen neuen &#8220; Experten f\u00fcr Umweltplanung \/ Naturschutz (m\/w\/d)&#8220; f\u00fcr unser B\u00fcro in Freiberg ein. Haben Sie Interesse, f\u00fcr Beak in Deutschland zu arbeiten?<\/p>\n<\/div><\/div><div class=\"w-separator size_small\"><\/div><div class=\"w-btn-wrapper align_left\"><a class=\"w-btn us-btn-style_1\" href=\"https:\/\/beak.de\/de\/mitarbeiter-in-umweltplanung-naturschutz-m-w-d\/\"><span class=\"w-btn-label\">mehr lesen<\/span><\/a><\/div><\/div><\/div><\/div><\/div><\/div><div class=\"wpb_column vc_column_container\"><div class=\"vc_column-inner\"><\/div><\/div><\/div><\/div><\/section><section class=\"l-section wpb_row us_custom_d9dd9145 height_large\"><div class=\"l-section-h i-cf\"><div class=\"g-cols vc_row via_grid cols_1-4-1 laptops-cols_inherit tablets-cols_inherit mobiles-cols_1 valign_top type_default stacking_default\"><div class=\"wpb_column vc_column_container\"><div class=\"vc_column-inner\"><\/div><\/div><div class=\"wpb_column vc_column_container\"><div class=\"vc_column-inner\"><div class=\"wpb_text_column\"><div class=\"wpb_wrapper\"><h5>Hochschulabsolventen\/erfahrene Fachkr\u00e4fte<\/h5>\n<p>Sind Sie jung, gut ausgebildet und m\u00f6chten Ihre Karriere starten?<br \/>\nSie haben erste Berufserfahrung gesammelt und wollen sich ver\u00e4ndern?<\/p>\n<p>Dann nehmen Sie Kontakt mit uns auf!<\/p>\n<p>Wir suchen sowohl erfahrene Experten als auch Hochschulabsolventen in den Bereichen Geo- oder Umweltwissenschaften, Geoinformatik oder Geophysik, Informatik, Mathematik oder Bergbauvermessung\/Geod\u00e4sie (oder verwandten Bereichen).<\/p>\n<p>Wir bieten jungen Wissenschaftlern und Ingenieuren hervorragende Entwicklungsm\u00f6glichkeiten.<\/p>\n<p>Wir bieten ein angenehmes und leistungsorientiertes Arbeitsumfeld.<\/p>\n<h5>Praktika<\/h5>\n<p>Wir bieten Ausbildung durch Praktika. Unabh\u00e4ngig davon, ob Sie Geowissenschaften, Umweltwissenschaften, Geoinformatik, Geophysik, Informatik, Mathematik oder Markscheidewesen\/Geod\u00e4sie (oder ein verwandtes Fachgebiet) studieren, mit oder ohne akademischen Abschluss, bieten wir zahlreiche Praktikumspl\u00e4tze an.<\/p>\n<p>So erhalten Sie einen Einblick in die t\u00e4gliche Arbeit eines modernen Beratungsunternehmens und k\u00f6nnen erste praktische Erfahrungen sammeln.<\/p>\n<h5>Masterarbeiten &amp; Doktorarbeiten<\/h5>\n<p>Sie k\u00f6nnen Ihre Master- oder Doktorarbeit bei uns schreiben. Zahlreiche Studenten aus dem In- und Ausland haben dieses Angebot bereits wahrgenommen. Bitte nehmen Sie Kontakt mit uns auf, und wir vereinbaren gerne einen individuellen Termin mit Ihnen.<\/p>\n<\/div><\/div><\/div><\/div><div class=\"wpb_column vc_column_container\"><div class=\"vc_column-inner\"><\/div><\/div><\/div><\/div><\/section>\n","protected":false},"excerpt":{"rendered":"Karriere Aktuelle Stellenausschreibungen GIS Software Entwickler Wir stellen einen neuen &#8220; GIS Software Developer (m\/w\/d)&#8220; f\u00fcr unser B\u00fcro in Freiberg ein. Haben Sie Interesse, f\u00fcr Beak in Deutschland zu arbeiten und GIS-Anwendungen zu entwickeln? mehr lesenMitarbeiter\/-in Umweltplanung\/Naturschutz (m\/w\/d) Wir stellen einen neuen &#8220; Experten f\u00fcr Umweltplanung \/ Naturschutz (m\/w\/d)&#8220; f\u00fcr unser B\u00fcro in Freiberg ein....","protected":false},"author":2,"featured_media":0,"parent":0,"menu_order":0,"comment_status":"closed","ping_status":"closed","template":"","meta":{"footnotes":""},"class_list":["post-3484","page","type-page","status-publish","hentry"],"_links":{"self":[{"href":"https:\/\/beak.de\/de\/wp-json\/wp\/v2\/pages\/3484","targetHints":{"allow":["GET"]}}],"collection":[{"href":"https:\/\/beak.de\/de\/wp-json\/wp\/v2\/pages"}],"about":[{"href":"https:\/\/beak.de\/de\/wp-json\/wp\/v2\/types\/page"}],"author":[{"embeddable":true,"href":"https:\/\/beak.de\/de\/wp-json\/wp\/v2\/users\/2"}],"replies":[{"embeddable":true,"href":"https:\/\/beak.de\/de\/wp-json\/wp\/v2\/comments?post=3484"}],"version-history":[{"count":37,"href":"https:\/\/beak.de\/de\/wp-json\/wp\/v2\/pages\/3484\/revisions"}],"predecessor-version":[{"id":3770,"href":"https:\/\/beak.de\/de\/wp-json\/wp\/v2\/pages\/3484\/revisions\/3770"}],"wp:attachment":[{"href":"https:\/\/beak.de\/de\/wp-json\/wp\/v2\/media?parent=3484"}],"curies":[{"name":"wp","href":"https:\/\/api.w.org\/{rel}","templated":true}]}}